{"id":61,"date":"2023-12-19T18:18:11","date_gmt":"2023-12-19T18:18:11","guid":{"rendered":"https:\/\/psicolap.com\/?page_id=61"},"modified":"2024-03-13T19:58:22","modified_gmt":"2024-03-13T19:58:22","slug":"sobre-mi","status":"publish","type":"page","link":"https:\/\/psicolap.com\/index.php\/sobre-mi\/","title":{"rendered":"Con\u00f3ceme"},"content":{"rendered":"\n<div class=\"wp-block-group\"><div class=\"wp-block-group__inner-container is-layout-constrained wp-block-group-is-layout-constrained\">\n<div class=\"wp-block-group alignwide is-vertical is-layout-flex wp-container-core-group-is-layout-8cf370e7 wp-block-group-is-layout-flex\">\n<figure class=\"wp-block-image size-full\"><img loading=\"lazy\" decoding=\"async\" width=\"640\" height=\"812\" src=\"http:\/\/psicolap.com\/wp-content\/uploads\/2023\/12\/image00006-edited.jpeg\" alt=\"\" class=\"wp-image-63\" srcset=\"https:\/\/psicolap.com\/wp-content\/uploads\/2023\/12\/image00006-edited.jpeg 640w, https:\/\/psicolap.com\/wp-content\/uploads\/2023\/12\/image00006-edited-236x300.jpeg 236w\" sizes=\"auto, (max-width: 640px) 100vw, 640px\" \/><\/figure>\n\n\n\n<p><\/p>\n\n\n\n<p class=\"has-text-align-left has-black-color has-text-color has-medium-font-size\">Soy Mar\u00eda Bejarano Mata, licenciada en psicolog\u00eda.<\/p>\n\n\n\n<p class=\"has-text-align-left has-black-color has-text-color has-medium-font-size\">Me dedico a ayudar a las personas a superar problemas emocionales y mejorar su calidad de vida. Me apasiona mi trabajo y me siento muy comprometida con cada uno de mis pacientes.<\/p>\n\n\n\n<p class=\"has-text-align-left has-black-color has-text-color has-medium-font-size\">Mi metodolog\u00eda se basa en la empat\u00eda, el respeto y la confianza. Me gusta trabajar de manera colaborativa, para que juntos podamos encontrar soluciones efectivas a los problemas que se presentan. Adem\u00e1s, me mantengo en constante actualizaci\u00f3n, asistiendo a cursos y talleres para mejorar mis habilidades y conocimientos.<\/p>\n\n\n\n<p class=\"has-text-align-left has-black-color has-text-color has-medium-font-size\">Mi objetivo es ayudarte, s\u00ed me necesitas, no dudes en contactarme, estar\u00e9 encantada de acompa\u00f1arte en este proceso de transformaci\u00f3n.<\/p>\n<\/div>\n<\/div><\/div>\n","protected":false},"excerpt":{"rendered":"<p>Soy Mar\u00eda Bejarano Mata, licenciada en psicolog\u00eda. Me dedico a ayudar a las personas a superar problemas emocionales y mejorar su calidad de vida. Me apasiona mi trabajo y me siento muy comprometida con cada uno de mis pacientes. Mi metodolog\u00eda se basa en la empat\u00eda, el respeto y la [&hellip;]<\/p>\n","protected":false},"author":1,"featured_media":0,"parent":0,"menu_order":0,"comment_status":"closed","ping_status":"closed","template":"","meta":{"om_disable_all_campaigns":false,"_monsterinsights_skip_tracking":false,"_monsterinsights_sitenote_active":false,"_monsterinsights_sitenote_note":"","_monsterinsights_sitenote_category":0,"_uf_show_specific_survey":0,"_uf_disable_surveys":false,"footnotes":""},"class_list":["post-61","page","type-page","status-publish","hentry"],"aioseo_notices":[],"_links":{"self":[{"href":"https:\/\/psicolap.com\/index.php\/wp-json\/wp\/v2\/pages\/61","targetHints":{"allow":["GET"]}}],"collection":[{"href":"https:\/\/psicolap.com\/index.php\/wp-json\/wp\/v2\/pages"}],"about":[{"href":"https:\/\/psicolap.com\/index.php\/wp-json\/wp\/v2\/types\/page"}],"author":[{"embeddable":true,"href":"https:\/\/psicolap.com\/index.php\/wp-json\/wp\/v2\/users\/1"}],"replies":[{"embeddable":true,"href":"https:\/\/psicolap.com\/index.php\/wp-json\/wp\/v2\/comments?post=61"}],"version-history":[{"count":12,"href":"https:\/\/psicolap.com\/index.php\/wp-json\/wp\/v2\/pages\/61\/revisions"}],"predecessor-version":[{"id":135,"href":"https:\/\/psicolap.com\/index.php\/wp-json\/wp\/v2\/pages\/61\/revisions\/135"}],"wp:attachment":[{"href":"https:\/\/psicolap.com\/index.php\/wp-json\/wp\/v2\/media?parent=61"}],"curies":[{"name":"wp","href":"https:\/\/api.w.org\/{rel}","templated":true}]}}